{"id":948,"date":"2022-07-29T15:16:40","date_gmt":"2022-07-29T19:16:40","guid":{"rendered":"https:\/\/warriornp.com\/pagina-principal-de-warrior-np\/"},"modified":"2023-04-13T12:53:41","modified_gmt":"2023-04-13T16:53:41","slug":"pagina-principal-de-warrior-np","status":"publish","type":"page","link":"https:\/\/warriornp.com\/es\/","title":{"rendered":"P\u00e1gina principal de Warrior NP"},"content":{"rendered":"\t\t<section id=\"section-block_45fed99c17b2c7118743666a77dd36b6\" class=\"section hero-background-fix mobile-hero-opacity\" >\r\n\t\t\t\t\t\t<div class=\"container  pad-xs-vert-0 pad-md-vert-5 \">\r\n\r\n                <style type=\"text\/css\">#section-block_45fed99c17b2c7118743666a77dd36b6 {background-color: var(--wp--preset--color--default);<\/style>\t\t\t\t\n\r\n\r\n\t\t<div id=\"row-block_a53cd7dd119ab222440c455a11e3df4d\" class=\"row  direction-xs-row flex-xs-center justify-xs-center\">\r\n\r\n\t\t\t\t\t\t\t\t\t\t\t\t\t            \n        <div id=\"col-block_d174e2fed4dcc37dda8283250b66ff87\" data-aos=\"\" class=\"column  mobile-hero-opacity pad-xs-bottom-2 pad-md-right-2 pad-md-bottom-1  col-xs-12 col-md-6\"        >\r\n\t\t\t\t\t\t\t\t\t\t\t\t\t            \n\n<div class=\"wp-block-group has-lg-font-size\"><div class=\"wp-block-group__inner-container is-layout-flow wp-block-group-is-layout-flow\">\n<h1 class=\"wp-block-heading\"><strong>Herramientas de supervivencia m\u00e1s seguras para peque\u00f1os<\/strong> guerreros.<\/h1>\n<\/div><\/div>\n\n\n\n<p>WarriorNP \u2014que se dedica intensamente a crear herramientas neonatales y pedi\u00e1tricas m\u00e1s seguras\u2014 presenta ArcAngel, el \u00fanico soporte de tubo endotraqueal ajustable y multifuncional dise\u00f1ado con la comodidad y la seguridad de nuestros peque\u00f1os guerreros como prioridad.<\/p>\n\n\n    <a\n            href=\"https:\/\/warriornp.com\/es\/arc-angel\/\"\n            target=\"\"\n            id=\"btn-block_7eee56954edde7007e10d19a5e322eed\"\n            class=\"btn btn button_style btn-primary btn-default\">\n        <span>Para obtener m\u00e1s informaci\u00f3n:<\/span>\n    <\/a>\n\n\r\n        <\/div>\r\n\t\n\n        <div id=\"col-block_95c826aff3c5f35a6d2136f10ff6610c\" data-aos=\"\" class=\"column  video-shadow pad-xs-vert-1  col-xs-12 col-md-6\"        >\r\n\t\t\t\t\t\t\t\t\t\t\t\t\t            \n\n<figure class=\"wp-block-embed is-type-video is-provider-vimeo wp-block-embed-vimeo wp-embed-aspect-16-9 wp-has-aspect-ratio\"><div class=\"wp-block-embed__wrapper\">\n<div class=\"video-container\"><iframe title=\"Warrior NP_no demo_v1\" src=\"https:\/\/player.vimeo.com\/video\/813349364?dnt=1&amp;app_id=122963\" width=\"500\" height=\"281\" frameborder=\"0\" allow=\"autoplay; fullscreen; picture-in-picture; clipboard-write\"><\/iframe><\/div>\n<\/div><\/figure>\n\n\r\n        <\/div>\r\n\t\n\r\n        <\/div>\r\n\t\n\r\n\t\t\t<\/div>\r\n\t\t<\/section>\r\n\r\n\r\n\t\n\n\t\t<section id=\"section-block_67369b6a0dd4ce8d6ecf1106132493ab\" class=\"section rounded-corner-br text-center\" >\r\n\t\t\t\t\t\t<div class=\"container \">\r\n\r\n                <style type=\"text\/css\">#section-block_67369b6a0dd4ce8d6ecf1106132493ab {background-color: var(--wp--preset--color--gray-light);<\/style>\t\t\t\t\n\r\n\r\n\t\t<div id=\"row-block_0277790cf18ec8d669ffce453b27b640\" class=\"row\">\r\n\r\n\t\t\t\t\t\t\t\t\t\t\t\t\t            \n        <div id=\"col-block_868c6a79fb410c9f75e2a9a6feb42aa1\" data-aos=\"\" class=\"column  col-xs-12 col-md-12 order-xs- order-sm- order-md- order-lg- \"        >\r\n\t\t\t\t\t\t\t\t\t\t\t\t\t            \n\n<h2 class=\"wp-block-heading\">La diferencia de <strong>WarriorNP<\/strong>.<\/h2>\n\n\r\n        <\/div>\r\n\t\n\r\n        <\/div>\r\n\t\n\n\r\n\r\n\t\t<div id=\"row-block_ce10eef5c9bb7d58593e5bedbb7dcb2d\" class=\"row\">\r\n\r\n\t\t\t\t\t\t\t\t\t\t\t\t\t            \n        <div id=\"col-block_2240a5ebef3f5cb81455c2c144b54691\" data-aos=\"\" class=\"column  pad-xs-vert-1  col-xs-12 col-md-4\"        >\r\n\t\t\t\t\t\t\t\t\t\t\t\t\t            \n\t\t    <div  data-aos=\"\" class=\"img-wrapper  img-default\">\r\n            <img decoding=\"async\" width=\"72\" src=\"https:\/\/warriornp.com\/wp-content\/uploads\/2022\/07\/WPN_Icons_Safety.svg\">\r\n    <\/div>\r\n\t\r\n\n\n\n<h3 class=\"wp-block-heading\">Dispositivos m\u00e9dicos m\u00e1s seguros para las UCIN y las UCIP<\/h3>\n\n\n\n<p>Los productos de Warrior NP siempre protegen y mejoran su bienestar, garantizando un entorno y una experiencia seguros para pacientes y personal de enfermer\u00eda.<\/p>\n\n\r\n        <\/div>\r\n\t\n\n        <div id=\"col-block_2240a5ebef3f5cb81455c2c144b54691\" data-aos=\"\" class=\"column  pad-xs-vert-1  col-xs-12 col-md-4\"        >\r\n\t\t\t\t\t\t\t\t\t\t\t\t\t            \n\t\t    <div  data-aos=\"\" class=\"img-wrapper  img-default\">\r\n            <img decoding=\"async\" width=\"78\" src=\"https:\/\/warriornp.com\/wp-content\/uploads\/2022\/07\/WPN_Icons_Childcare.svg\">\r\n    <\/div>\r\n\t\r\n\n\n\n<h3 class=\"wp-block-heading\">Productos centrados en el ni\u00f1o y que priorizan al paciente<\/h3>\n\n\n\n<p>Warrior NP antepone el cuidado del ni\u00f1o permitiendo que la seguridad y la comodidad de los pacientes nos gu\u00eden en el desarrollo de los dispositivos neonatales y pedi\u00e1tricos m\u00e1s eficaces.<\/p>\n\n\r\n        <\/div>\r\n\t\n\n        <div id=\"col-block_2240a5ebef3f5cb81455c2c144b54691\" data-aos=\"\" class=\"column  pad-xs-vert-1  col-xs-12 col-md-4\"        >\r\n\t\t\t\t\t\t\t\t\t\t\t\t\t            \n\t\t    <div  data-aos=\"\" class=\"img-wrapper  img-default\">\r\n            <img decoding=\"async\" width=\"69\" src=\"https:\/\/warriornp.com\/wp-content\/uploads\/2022\/07\/WPN_Icons_Innovation.svg\">\r\n    <\/div>\r\n\t\r\n\n\n\n<h3 class=\"wp-block-heading\">Creadores innovadores de soluciones eficaces<\/h3>\n\n\n\n<p>Warrior NP Redefine los est\u00e1ndares de la industria desafiando y reinventando continuamente dispositivos y productos m\u00e9dicos ineficaces y obsoletos para NICU y PICU.<\/p>\n\n\r\n        <\/div>\r\n\t\n\r\n        <\/div>\r\n\t\n\r\n\t\t\t<\/div>\r\n\t\t<\/section>\r\n\r\n\r\n\t\n\n\t\t<section id=\"section-block_4b41c779b857f57495c7a1491cdfb9e2\" class=\"section\" >\r\n\t\t\t\t\t\t<div class=\"container  pad-xs-bottom-0 \">\r\n\r\n                \t\t\t\t\n\r\n\r\n\t\t<div id=\"row-block_0c513b5a92d2b268d1ee18fd2bca7029\" class=\"row  direction-xs-fila flex-xs-iniciar justify-xs-center\">\r\n\r\n\t\t\t\t\t\t\t\t\t\t\t\t\t            \n        <div id=\"col-block_2cfd870309d45259587230514382b7ae\" data-aos=\"\" class=\"column  text-center pad-xs-bottom-2 pad-md-bottom-2  col-xs-12 col-md-12\"        >\r\n\t\t\t\t\t\t\t\t\t\t\t\t\t            \n\n<h2 class=\"wp-block-heading\">Nuestros productos.<\/h2>\n\n\r\n        <\/div>\r\n\t\n\r\n        <\/div>\r\n\t\n\n\r\n\r\n\t\t<div id=\"row-block_c00d393975601138ae5021f1ea7054b8\" class=\"row  flex-xs-center justify-xs-center flex-md-center\">\r\n\r\n\t\t\t\t\t\t\t\t\t\t\t\t\t            \n        <div id=\"col-block_f600c1feffb71f86f5ffc8d82f24100e\" data-aos=\"\" class=\"column  pad-xs-vert-2  col-xs-12 col-md-6  flex-sm-center flex-md-center order-xs-2 order-sm-1 order-md-1 order-lg-1 \"        >\r\n\t\t\t\t\t\t\t\t\t\t\t\t\t            \n\t\t    <div  data-aos=\"\" class=\"img-wrapper  img-icon-md\">\r\n            <img decoding=\"async\" width=\"1129\" src=\"https:\/\/warriornp.com\/wp-content\/uploads\/2022\/08\/WNP_Product_Logos_ArcAngel.svg\">\r\n    <\/div>\r\n\t\r\n\n\n\n<p>ArcAngel es un soporte de tubo endotraqueal neonatal y pedi\u00e1trico seguro, ajustable y multifuncional que elimina la necesidad de cinta adhesiva y aumenta la precisi\u00f3n de colocaci\u00f3n del tubo endotraqueal y de la sonda nasog\u00e1strica. <\/p>\n\n\n    <a\n            href=\"https:\/\/warriornp.com\/es\/arc-angel\/\"\n            target=\"\"\n            id=\"btn-block_43ebbca50442a0ab795b71e0a0c97148\"\n            class=\"btn btn button_style btn-primary btn-default\">\n        <span>Para obtener m\u00e1s informaci\u00f3n<\/span>\n    <\/a>\n\n\r\n        <\/div>\r\n\t\n\n        <div id=\"col-block_66c809aaef4a36517d1e51fe3b0c07cf\" data-aos=\"\" class=\"column  pad-xs-vert-0 pad-xs-horz-0 pad-xs-bottom-0  col-xs-12 col-md-6 order-xs-1 order-sm-1 order-md-2 order-lg-2 \"        >\r\n\t\t\t\t\t\t\t\t\t\t\t\t\t            \n\t\t    <div  data-aos=\"\" class=\"img-wrapper  img-default\">\r\n            <img decoding=\"async\" width=\"993\" src=\"https:\/\/warriornp.com\/wp-content\/uploads\/2023\/04\/WarriorNP-Baby.jpg\">\r\n    <\/div>\r\n\t\r\n\n\r\n        <\/div>\r\n\t\n\r\n        <\/div>\r\n\t\n\n\r\n\r\n\t\t<div id=\"row-block_4f62718fa4664c3cb87e21fda4179486\" class=\"row hidden  direction-sm-fila flex-sm-iniciar justify-sm-center direction-md-fila flex-md-center\">\r\n\r\n\t\t\t\t\t\t\t\t\t\t\t\t\t            \n        <div id=\"col-block_4a0543d7a575077d1095dd41874e33a7\" data-aos=\"\" class=\"column  pad-xs-top-2 pad-xs-bottom-1 pad-sm-top-1 pad-sm-bottom-1   col-sm-5\"        >\r\n\t\t\t\t\t\t\t\t\t\t\t\t\t            \n\t\t    <div  data-aos=\"\" class=\"img-wrapper  img-default\">\r\n            <img decoding=\"async\" width=\"538\" src=\"https:\/\/warriornp.com\/wp-content\/uploads\/2022\/07\/Placeholder_2Asset-1.svg\">\r\n    <\/div>\r\n\t\r\n\n\r\n        <\/div>\r\n\t\n\n        <div id=\"col-block_af389dba4c5c2fe0a03b90abb7bbfdf2\" data-aos=\"\" class=\"column   col-sm-7  direction-sm-fila flex-sm-center justify-sm-iniciar\"        >\r\n\t\t\t\t\t\t\t\t\t\t\t\t\t            \n\t\t    <div  data-aos=\"\" class=\"img-wrapper  img-default\">\r\n            <img decoding=\"async\" width=\"248\" src=\"https:\/\/warriornp.com\/wp-content\/uploads\/2022\/07\/ArcAngel-Logo-POS.svg\">\r\n    <\/div>\r\n\t\r\n\n\n\n<p>ArcAngel es un nuevo soporte de tubo endotraqueal neonatal ajustable y multifuncional.<\/p>\n\n\n    <a\n            href=\"#\"\n            target=\"\"\n            id=\"btn-block_41a666322612085d79c87da4e275fc20\"\n            class=\"btn btn button_style btn-principal btn-default\">\n        <span>Para obtener m\u00e1s informaci\u00f3n<\/span>\n    <\/a>\n\n\n    <a\n            href=\"#\"\n            target=\"\"\n            id=\"btn-block_41a666322612085d79c87da4e275fc20\"\n            class=\"btn btn button_style btn-principal btn-default\">\n        <span>Para obtener m\u00e1s informaci\u00f3n<\/span>\n    <\/a>\n\n\r\n        <\/div>\r\n\t\n\r\n        <\/div>\r\n\t\n\r\n\t\t\t<\/div>\r\n\t\t<\/section>\r\n\r\n\r\n\t\n\n\t\t<section id=\"section-block_1b4d5ba0121a55a61348e313e3888277\" class=\"section rounded-corner-tl\" style=\"background-image: url('https:\/\/warriornp.com\/wp-content\/uploads\/2022\/07\/warrior-swosh.svg');background-position: right center;background-size: contain;background-repeat: no-repeat;\">\r\n\t\t\t\t\t\t<div class=\"container \">\r\n\r\n                <style type=\"text\/css\">#section-block_1b4d5ba0121a55a61348e313e3888277 {background-color: var(--wp--preset--color--primary);color: var(--wp--preset--color--default);<\/style>\t\t\t\t\n\r\n\r\n\t\t<div id=\"row-block_ce10eef5c9bb7d58593e5bedbb7dcb2d\" class=\"row\">\r\n\r\n\t\t\t\t\t\t\t\t\t\t\t\t\t            \n        <div id=\"col-block_d7a8b6680bd4cf261d2b02c015ba4716\" data-aos=\"\" class=\"column  col-xs-12 col-md-7 order-xs- order-sm- order-md- order-lg- \"        >\r\n\t\t\t\t\t\t\t\t\t\t\t\t\t            \n\n<div class=\"wp-block-group has-xl-font-size\"><div class=\"wp-block-group__inner-container is-layout-flow wp-block-group-is-layout-flow\">\n<h2 class=\"wp-block-heading\"><strong><strong>Redefiniendo las herramientas que salvan vidas y protegen a los m\u00e1s vulnerables.<\/strong><\/strong><\/h2>\n<\/div><\/div>\n\n\n\n<p>Con m\u00e1s de 20 a\u00f1os de experiencia de primera mano, WarriorNP tiene la visi\u00f3n de equipar y capacitar a todas las UCIN y las UCIP del mundo con dispositivos y productos m\u00e9dicos innovadores que priorizan al paciente.<a href=\"https:\/\/stgwarriornp.wpengine.com\/es\/contacto\/\">Contacto<\/a><a href=\"https:\/\/www.facebook.com\/profile.php?id=100085239761851\" target=\"_blank\" rel=\"noreferrer noopener\"><\/a><\/p>\n\n\n    <a\n            href=\"https:\/\/warriornp.com\/es\/contacto\/\"\n            target=\"\"\n            id=\"btn-block_35868cff0e5c63791690787a9e35a88e\"\n            class=\"btn btn button_style btn-tertiary btn-lg\">\n        <span>Contacto<\/span>\n    <\/a>\n\n\r\n        <\/div>\r\n\t\n\r\n        <\/div>\r\n\t\n\r\n\t\t\t<\/div>\r\n\t\t<\/section>\r\n\r\n\r\n\t","protected":false},"excerpt":{"rendered":"","protected":false},"author":1,"featured_media":0,"parent":0,"menu_order":0,"comment_status":"closed","ping_status":"closed","template":"","meta":{"_acf_changed":false,"footnotes":""},"class_list":["post-948","page","type-page","status-publish","hentry"],"acf":[],"yoast_head":"<!-- This site is optimized with the Yoast SEO plugin v27.3 - https:\/\/yoast.com\/product\/yoast-seo-wordpress\/ -->\n<title>Creamos herramientas neonatales y pedi\u00e1tricas m\u00e1s seguras: WarriorNP<\/title>\n<meta name=\"description\" content=\"WarriorNP \u2014que se dedica intensamente a crear herramientas neonatales y pedi\u00e1tricas m\u00e1s seguras\u2014 presenta ArcAngel, el \u00fanico soporte de tubo endotraqueal ajustable y multifuncional dise\u00f1ado con la comodidad y la seguridad como prioridad.\" \/>\n<meta name=\"robots\" content=\"index, follow, max-snippet:-1, max-image-preview:large, max-video-preview:-1\" \/>\n<link rel=\"canonical\" href=\"https:\/\/warriornp.com\/es\/\" \/>\n<meta property=\"og:locale\" content=\"es_ES\" \/>\n<meta property=\"og:type\" content=\"article\" \/>\n<meta property=\"og:title\" content=\"Creamos herramientas neonatales y pedi\u00e1tricas m\u00e1s seguras: WarriorNP\" \/>\n<meta property=\"og:description\" content=\"WarriorNP \u2014que se dedica intensamente a crear herramientas neonatales y pedi\u00e1tricas m\u00e1s seguras\u2014 presenta ArcAngel, el \u00fanico soporte de tubo endotraqueal ajustable y multifuncional dise\u00f1ado con la comodidad y la seguridad como prioridad.\" \/>\n<meta property=\"og:url\" content=\"https:\/\/warriornp.com\/es\/\" \/>\n<meta property=\"og:site_name\" content=\"WarriorNP\" \/>\n<meta property=\"article:modified_time\" content=\"2023-04-13T16:53:41+00:00\" \/>\n<meta property=\"og:image\" content=\"https:\/\/warriornp.com\/wp-content\/uploads\/2022\/08\/WNP_Email_Header_V3.jpg\" \/>\n\t<meta property=\"og:image:width\" content=\"600\" \/>\n\t<meta property=\"og:image:height\" content=\"283\" \/>\n\t<meta property=\"og:image:type\" content=\"image\/jpeg\" \/>\n<meta name=\"twitter:card\" content=\"summary_large_image\" \/>\n<meta name=\"twitter:label1\" content=\"Tiempo de lectura\" \/>\n\t<meta name=\"twitter:data1\" content=\"2 minutos\" \/>\n<script type=\"application\/ld+json\" class=\"yoast-schema-graph\">{\"@context\":\"https:\\\/\\\/schema.org\",\"@graph\":[{\"@type\":\"WebPage\",\"@id\":\"https:\\\/\\\/warriornp.com\\\/es\\\/\",\"url\":\"https:\\\/\\\/warriornp.com\\\/es\\\/\",\"name\":\"Creamos herramientas neonatales y pedi\u00e1tricas m\u00e1s seguras: WarriorNP\",\"isPartOf\":{\"@id\":\"https:\\\/\\\/warriornp.com\\\/es\\\/#website\"},\"datePublished\":\"2022-07-29T19:16:40+00:00\",\"dateModified\":\"2023-04-13T16:53:41+00:00\",\"description\":\"WarriorNP \u2014que se dedica intensamente a crear herramientas neonatales y pedi\u00e1tricas m\u00e1s seguras\u2014 presenta ArcAngel, el \u00fanico soporte de tubo endotraqueal ajustable y multifuncional dise\u00f1ado con la comodidad y la seguridad como prioridad.\",\"breadcrumb\":{\"@id\":\"https:\\\/\\\/warriornp.com\\\/es\\\/#breadcrumb\"},\"inLanguage\":\"es\",\"potentialAction\":[{\"@type\":\"ReadAction\",\"target\":[\"https:\\\/\\\/warriornp.com\\\/es\\\/\"]}]},{\"@type\":\"BreadcrumbList\",\"@id\":\"https:\\\/\\\/warriornp.com\\\/es\\\/#breadcrumb\",\"itemListElement\":[{\"@type\":\"ListItem\",\"position\":1,\"name\":\"Home\",\"item\":\"https:\\\/\\\/warriornp.com\\\/es\\\/\"},{\"@type\":\"ListItem\",\"position\":2,\"name\":\"P\u00e1gina principal de Warrior NP\"}]},{\"@type\":\"WebSite\",\"@id\":\"https:\\\/\\\/warriornp.com\\\/es\\\/#website\",\"url\":\"https:\\\/\\\/warriornp.com\\\/es\\\/\",\"name\":\"WarriorNP\",\"description\":\"\",\"publisher\":{\"@id\":\"https:\\\/\\\/warriornp.com\\\/es\\\/#organization\"},\"potentialAction\":[{\"@type\":\"SearchAction\",\"target\":{\"@type\":\"EntryPoint\",\"urlTemplate\":\"https:\\\/\\\/warriornp.com\\\/es\\\/?s={search_term_string}\"},\"query-input\":{\"@type\":\"PropertyValueSpecification\",\"valueRequired\":true,\"valueName\":\"search_term_string\"}}],\"inLanguage\":\"es\"},{\"@type\":\"Organization\",\"@id\":\"https:\\\/\\\/warriornp.com\\\/es\\\/#organization\",\"name\":\"WarriorNP\",\"url\":\"https:\\\/\\\/warriornp.com\\\/es\\\/\",\"logo\":{\"@type\":\"ImageObject\",\"inLanguage\":\"es\",\"@id\":\"https:\\\/\\\/warriornp.com\\\/es\\\/#\\\/schema\\\/logo\\\/image\\\/\",\"url\":\"https:\\\/\\\/warriornp.com\\\/wp-content\\\/uploads\\\/2022\\\/08\\\/Warrior_NP_Logo.svg\",\"contentUrl\":\"https:\\\/\\\/warriornp.com\\\/wp-content\\\/uploads\\\/2022\\\/08\\\/Warrior_NP_Logo.svg\",\"width\":695,\"height\":166,\"caption\":\"WarriorNP\"},\"image\":{\"@id\":\"https:\\\/\\\/warriornp.com\\\/es\\\/#\\\/schema\\\/logo\\\/image\\\/\"}}]}<\/script>\n<!-- \/ Yoast SEO plugin. -->","yoast_head_json":{"title":"Creamos herramientas neonatales y pedi\u00e1tricas m\u00e1s seguras: WarriorNP","description":"WarriorNP \u2014que se dedica intensamente a crear herramientas neonatales y pedi\u00e1tricas m\u00e1s seguras\u2014 presenta ArcAngel, el \u00fanico soporte de tubo endotraqueal ajustable y multifuncional dise\u00f1ado con la comodidad y la seguridad como prioridad.","robots":{"index":"index","follow":"follow","max-snippet":"max-snippet:-1","max-image-preview":"max-image-preview:large","max-video-preview":"max-video-preview:-1"},"canonical":"https:\/\/warriornp.com\/es\/","og_locale":"es_ES","og_type":"article","og_title":"Creamos herramientas neonatales y pedi\u00e1tricas m\u00e1s seguras: WarriorNP","og_description":"WarriorNP \u2014que se dedica intensamente a crear herramientas neonatales y pedi\u00e1tricas m\u00e1s seguras\u2014 presenta ArcAngel, el \u00fanico soporte de tubo endotraqueal ajustable y multifuncional dise\u00f1ado con la comodidad y la seguridad como prioridad.","og_url":"https:\/\/warriornp.com\/es\/","og_site_name":"WarriorNP","article_modified_time":"2023-04-13T16:53:41+00:00","og_image":[{"width":600,"height":283,"url":"https:\/\/warriornp.com\/wp-content\/uploads\/2022\/08\/WNP_Email_Header_V3.jpg","type":"image\/jpeg"}],"twitter_card":"summary_large_image","twitter_misc":{"Tiempo de lectura":"2 minutos"},"schema":{"@context":"https:\/\/schema.org","@graph":[{"@type":"WebPage","@id":"https:\/\/warriornp.com\/es\/","url":"https:\/\/warriornp.com\/es\/","name":"Creamos herramientas neonatales y pedi\u00e1tricas m\u00e1s seguras: WarriorNP","isPartOf":{"@id":"https:\/\/warriornp.com\/es\/#website"},"datePublished":"2022-07-29T19:16:40+00:00","dateModified":"2023-04-13T16:53:41+00:00","description":"WarriorNP \u2014que se dedica intensamente a crear herramientas neonatales y pedi\u00e1tricas m\u00e1s seguras\u2014 presenta ArcAngel, el \u00fanico soporte de tubo endotraqueal ajustable y multifuncional dise\u00f1ado con la comodidad y la seguridad como prioridad.","breadcrumb":{"@id":"https:\/\/warriornp.com\/es\/#breadcrumb"},"inLanguage":"es","potentialAction":[{"@type":"ReadAction","target":["https:\/\/warriornp.com\/es\/"]}]},{"@type":"BreadcrumbList","@id":"https:\/\/warriornp.com\/es\/#breadcrumb","itemListElement":[{"@type":"ListItem","position":1,"name":"Home","item":"https:\/\/warriornp.com\/es\/"},{"@type":"ListItem","position":2,"name":"P\u00e1gina principal de Warrior NP"}]},{"@type":"WebSite","@id":"https:\/\/warriornp.com\/es\/#website","url":"https:\/\/warriornp.com\/es\/","name":"WarriorNP","description":"","publisher":{"@id":"https:\/\/warriornp.com\/es\/#organization"},"potentialAction":[{"@type":"SearchAction","target":{"@type":"EntryPoint","urlTemplate":"https:\/\/warriornp.com\/es\/?s={search_term_string}"},"query-input":{"@type":"PropertyValueSpecification","valueRequired":true,"valueName":"search_term_string"}}],"inLanguage":"es"},{"@type":"Organization","@id":"https:\/\/warriornp.com\/es\/#organization","name":"WarriorNP","url":"https:\/\/warriornp.com\/es\/","logo":{"@type":"ImageObject","inLanguage":"es","@id":"https:\/\/warriornp.com\/es\/#\/schema\/logo\/image\/","url":"https:\/\/warriornp.com\/wp-content\/uploads\/2022\/08\/Warrior_NP_Logo.svg","contentUrl":"https:\/\/warriornp.com\/wp-content\/uploads\/2022\/08\/Warrior_NP_Logo.svg","width":695,"height":166,"caption":"WarriorNP"},"image":{"@id":"https:\/\/warriornp.com\/es\/#\/schema\/logo\/image\/"}}]}},"_links":{"self":[{"href":"https:\/\/warriornp.com\/es\/wp-json\/wp\/v2\/pages\/948","targetHints":{"allow":["GET"]}}],"collection":[{"href":"https:\/\/warriornp.com\/es\/wp-json\/wp\/v2\/pages"}],"about":[{"href":"https:\/\/warriornp.com\/es\/wp-json\/wp\/v2\/types\/page"}],"author":[{"embeddable":true,"href":"https:\/\/warriornp.com\/es\/wp-json\/wp\/v2\/users\/1"}],"replies":[{"embeddable":true,"href":"https:\/\/warriornp.com\/es\/wp-json\/wp\/v2\/comments?post=948"}],"version-history":[{"count":0,"href":"https:\/\/warriornp.com\/es\/wp-json\/wp\/v2\/pages\/948\/revisions"}],"wp:attachment":[{"href":"https:\/\/warriornp.com\/es\/wp-json\/wp\/v2\/media?parent=948"}],"curies":[{"name":"wp","href":"https:\/\/api.w.org\/{rel}","templated":true}]}}