{"id":951,"date":"2022-08-08T13:28:30","date_gmt":"2022-08-08T17:28:30","guid":{"rendered":"https:\/\/warriornp.com\/quienes-somos\/"},"modified":"2026-02-02T12:36:25","modified_gmt":"2026-02-02T17:36:25","slug":"quienes-somos","status":"publish","type":"page","link":"https:\/\/warriornp.com\/es\/quienes-somos\/","title":{"rendered":"Qui\u00e9nes somos"},"content":{"rendered":"\t\t<section id=\"section-block_0d6378bf23d78bd7986f5336505c0bd0\" class=\"section hero-background-fix mobile-hero-opacity\" style=\"background-image: url('https:\/\/warriornp.com\/wp-content\/uploads\/2022\/08\/Nurse_Baby_Hands_Header_Desaturated_Bkgd.jpg');background-position: centro derecha;background-size: cover;background-repeat: no-repeat;\">\r\n\t\t\t\t\t\t<div class=\"container  pad-xs-vert-0 pad-md-vert-5 \">\r\n\r\n                <style type=\"text\/css\">#section-block_0d6378bf23d78bd7986f5336505c0bd0 {background-color: var(--wp--preset--color--default);<\/style>\t\t\t\t\n\r\n\r\n\t\t<div id=\"row-block_762c354bd240e3e3172bb526003fc836\" class=\"row  direction-xs-fila flex-xs-estirar justify-xs-iniciar\">\r\n\r\n\t\t\t\t\t\t\t\t\t\t\t\t\t            \n        <div id=\"col-block_458264fc9c4105f84e0749b55d70cf91\" data-aos=\"desvanecer hacia arriba\" class=\"column  mobile-hero-opacity col-xs-12 col-md-6\"        >\r\n\t\t\t\t\t\t\t\t\t\t\t\t\t            \n\n<h1 class=\"wp-block-heading\">Somos WarriorNP.<\/h1>\n\n\n\n<h2 class=\"wp-block-heading\">Enfermeras, cuidadoras, inventoras, guerreras.<\/h2>\n\n\n\n<p>WarriorNP comenz\u00f3 con el coraz\u00f3n de una enfermera profesional que reconoci\u00f3 un problema b\u00e1sico dentro de la industria neonatal y pedi\u00e1trica: la innovaci\u00f3n de dispositivos y productos m\u00e9dicos se ha estancado, dejando a los profesionales de la medicina con m\u00e9todos de atenci\u00f3n inadecuados e inseguros. <\/p>\n\n\r\n        <\/div>\r\n\t\n\r\n        <\/div>\r\n\t\n\r\n\t\t\t<\/div>\r\n\t\t<\/section>\r\n\r\n\r\n\t\n\n\t\t<section id=\"section-block_880862b8422ecbc05f1e561f618e26bb\" class=\"section\" >\r\n\t\t\t\t\t\t<div class=\"container \">\r\n\r\n                <style type=\"text\/css\">#section-block_880862b8422ecbc05f1e561f618e26bb {background-color: var(--wp--preset--color--gray-light);<\/style>\t\t\t\t\n\r\n\r\n\t\t<div id=\"row-block_566b0f2f1748ee6b1624f27688a47458\" class=\"row\">\r\n\r\n\t\t\t\t\t\t\t\t\t\t\t\t\t            \n        <div id=\"col-block_b1ecc6100ac40506594814764114d719\" data-aos=\"\" class=\"column  text-center pad-xs-vert-1  col-xs-12 col-md-6\"        >\r\n\t\t\t\t\t\t\t\t\t\t\t\t\t            \n\n<figure class=\"wp-block-image size-large\"><img decoding=\"async\" width=\"100\" height=\"100\" src=\"https:\/\/warriornp.wpengine.com\/wp-content\/uploads\/2022\/08\/WPN_Icons_Nurse-Heart.svg\" alt=\"\" class=\"wp-image-752\"\/><\/figure>\n\n\n\n<h2 class=\"wp-block-heading\">Visi\u00f3n<\/h2>\n\n\n\n<p>Con m\u00e1s de 20 a\u00f1os de experiencia directa, WarriorNP tiene la visi\u00f3n de equipar y empoderar a todas las unidades de cuidados intensivos neonatales y pedi\u00e1tricos del mundo con dispositivos y productos m\u00e9dicos innovadores que prioricen al paciente. Su misi\u00f3n es mejorar continuamente los est\u00e1ndares de seguridad y calidad mediante herramientas de supervivencia de fabricaci\u00f3n excepcional. <\/p>\n\n\r\n        <\/div>\r\n\t\n\n        <div id=\"col-block_b1ecc6100ac40506594814764114d719\" data-aos=\"\" class=\"column  text-center pad-xs-vert-1  col-xs-12 col-md-6\"        >\r\n\t\t\t\t\t\t\t\t\t\t\t\t\t            \n\n<figure class=\"wp-block-image size-large\"><img decoding=\"async\" width=\"100\" height=\"100\" src=\"https:\/\/warriornp.wpengine.com\/wp-content\/uploads\/2022\/08\/WPN_Icons_Globe.svg\" alt=\"\" class=\"wp-image-756\"\/><\/figure>\n\n\n\n<h2 class=\"wp-block-heading\">Misi\u00f3n<\/h2>\n\n\n\n<p>WarriorNP cree que es fundamental atender las necesidades \u00fanicas de cada ni\u00f1o que nace, mediante el dise\u00f1o de productos m\u00e9dicos que salven vidas, garantizando al mismo tiempo que el personal de enfermer\u00eda y los profesionales m\u00e9dicos conf\u00eden en que las herramientas m\u00e9dicas que utilizan reducir\u00e1n con \u00e9xito el dolor y el sufrimiento del ni\u00f1o.<\/p>\n\n\r\n        <\/div>\r\n\t\n\r\n        <\/div>\r\n\t\n\r\n\t\t\t<\/div>\r\n\t\t<\/section>\r\n\r\n\r\n\t\n\n\t\t<section id=\"section-block_2344d404e774d1019e87c3fd1d8ad0c2\" class=\"section\" >\r\n\t\t\t\t\t\t<div class=\"container \">\r\n\r\n                \t\t\t\t\n\r\n\r\n\t\t<div id=\"row-block_c0a5ec37272a101aacbed76938d50611\" class=\"row  direction-md-fila flex-md-center justify-md-center\">\r\n\r\n\t\t\t\t\t\t\t\t\t\t\t\t\t            \n        <div id=\"col-block_41e089ed091386ad312d1fa24f398680\" data-aos=\"\" class=\"column  col-xs-12 col-md-4\"        >\r\n\t\t\t\t\t\t\t\t\t\t\t\t\t            \n\t\t    <div  data-aos=\"\" class=\"img-wrapper  img-contain\">\r\n            <img decoding=\"async\" width=\"602\" src=\"https:\/\/warriornp.com\/wp-content\/uploads\/2022\/11\/Jessica_Portrait-01-3.jpg\">\r\n    <\/div>\r\n\t\r\n\n\r\n        <\/div>\r\n\t\n\n        <div id=\"col-block_3044fed44c159064abf6375df44c9080\" data-aos=\"\" class=\"column  col-xs-12 col-md-8  direction-md-columna direction-lg-columna\"        >\r\n\t\t\t\t\t\t\t\t\t\t\t\t\t            \n\n<h2 class=\"wp-block-heading\">La fundadora<\/h2>\n\n\n\n<p>Jessica Harnish, MSN, NNP-BC, CLNC, SANE-A, es enfermera especialista en neonatolog\u00eda con m\u00e1s de 21 a\u00f1os de experiencia. Su trayectoria en cuidados intensivos neonatales y en la atenci\u00f3n a v\u00edctimas de agresi\u00f3n sexual la convierte en una profesional altamente capacitada tanto en el \u00e1mbito cl\u00ednico como en el judicial. Jessica combina su pasi\u00f3n por la medicina y el derecho con la certificaci\u00f3n de Consultora Legal de Enfermer\u00eda y se dedica al desarrollo de dispositivos m\u00e9dicos neonatales y pedi\u00e1tricos seguros y eficaces.  <\/p>\n\n\r\n        <\/div>\r\n\t\n\r\n        <\/div>\r\n\t\n\r\n\t\t\t<\/div>\r\n\t\t<\/section>\r\n\r\n\r\n\t\n\n\t\t<section id=\"section-block_2344d404e774d1019e87c3fd1d8ad0c2\" class=\"section\" >\r\n\t\t\t\t\t\t<div class=\"container \">\r\n\r\n                \t\t\t\t\n\r\n\r\n\t\t<div id=\"row-block_c0a5ec37272a101aacbed76938d50611\" class=\"row  direction-md-fila flex-md-center justify-md-center\">\r\n\r\n\t\t\t\t\t\t\t\t\t\t\t\t\t            \n        <div id=\"col-block_c30026d70f88c833d37b50aa8e5db918\" data-aos=\"\" class=\"column  col-xs-12 col-md-8  direction-md-columna direction-lg-columna order-xs-2 order-sm-2 order-md-1 order-lg-1 \"        >\r\n\t\t\t\t\t\t\t\t\t\t\t\t\t            \n\n<h2 class=\"wp-block-heading\">Educador cl\u00ednico<\/h2>\n\n\n\n<p>Renee McGlone, MSN, NNP-BC, cuenta con 20 a\u00f1os de experiencia en unidades de cuidados intensivos neonatales en Estados Unidos, aportando una amplia experiencia cl\u00ednica a WarriorNP. Le apasiona la docencia y disfruta interactuando con los profesionales cl\u00ednicos durante los ensayos hospitalarios. <\/p>\n\n\r\n        <\/div>\r\n\t\n\n        <div id=\"col-block_0a369fea23b24a480cc590b1ba26ee5c\" data-aos=\"\" class=\"column  col-xs-12 col-md-4 order-xs-1 order-sm-1 order-md-2 order-lg-2 \"        >\r\n\t\t\t\t\t\t\t\t\t\t\t\t\t            \n\t\t    <div  data-aos=\"\" class=\"img-wrapper  img-contain\">\r\n            <img decoding=\"async\" width=\"603\" src=\"https:\/\/warriornp.com\/wp-content\/uploads\/2024\/11\/renee.jpg\">\r\n    <\/div>\r\n\t\r\n\n\r\n        <\/div>\r\n\t\n\r\n        <\/div>\r\n\t\n\r\n\t\t\t<\/div>\r\n\t\t<\/section>\r\n\r\n\r\n\t\n\n\t\t<section id=\"section-block_2344d404e774d1019e87c3fd1d8ad0c2\" class=\"section\" >\r\n\t\t\t\t\t\t<div class=\"container \">\r\n\r\n                \t\t\t\t\n\r\n\r\n\t\t<div id=\"row-block_c0a5ec37272a101aacbed76938d50611\" class=\"row  direction-md-fila flex-md-center justify-md-center\">\r\n\r\n\t\t\t\t\t\t\t\t\t\t\t\t\t            \n        <div id=\"col-block_41e089ed091386ad312d1fa24f398680\" data-aos=\"\" class=\"column  col-xs-12 col-md-4\"        >\r\n\t\t\t\t\t\t\t\t\t\t\t\t\t            \n\t\t    <div  data-aos=\"\" class=\"img-wrapper  img-contain\">\r\n            <img decoding=\"async\" width=\"500\" src=\"https:\/\/warriornp.com\/wp-content\/uploads\/2025\/03\/bio-pic.png\">\r\n    <\/div>\r\n\t\r\n\n\r\n        <\/div>\r\n\t\n\n        <div id=\"col-block_3044fed44c159064abf6375df44c9080\" data-aos=\"\" class=\"column  col-xs-12 col-md-8  direction-md-columna direction-lg-columna\"        >\r\n\t\t\t\t\t\t\t\t\t\t\t\t\t            \n\n<h2 class=\"wp-block-heading\">Educador cl\u00ednico<\/h2>\n\n\n\n<p>Maura Malone, BSN, RN, ha trabajado como enfermera de cuidados intensivos neonatales durante m\u00e1s de una d\u00e9cada, incluyendo 8 a\u00f1os como enfermera itinerante. Con experiencia laboral de costa a costa, ha podido observar c\u00f3mo var\u00edan los materiales y los m\u00e9todos en diferentes estados, ciudades y unidades. Actualmente, dedica todo su esfuerzo a la formaci\u00f3n cl\u00ednica continua para mejorar los resultados de los pacientes con WarriorNP.  <\/p>\n\n\r\n        <\/div>\r\n\t\n\r\n        <\/div>\r\n\t\n\r\n\t\t\t<\/div>\r\n\t\t<\/section>\r\n\r\n\r\n\t\n\n\t\t<section id=\"section-block_2344d404e774d1019e87c3fd1d8ad0c2\" class=\"section\" >\r\n\t\t\t\t\t\t<div class=\"container \">\r\n\r\n                \t\t\t\t\n\r\n\r\n\t\t<div id=\"row-block_c0a5ec37272a101aacbed76938d50611\" class=\"row  direction-md-fila flex-md-center justify-md-center\">\r\n\r\n\t\t\t\t\t\t\t\t\t\t\t\t\t            \n        <div id=\"col-block_c30026d70f88c833d37b50aa8e5db918\" data-aos=\"\" class=\"column  col-xs-12 col-md-8  direction-md-columna direction-lg-columna order-xs-2 order-sm-2 order-md-1 order-lg-1 \"        >\r\n\t\t\t\t\t\t\t\t\t\t\t\t\t            \n\n<h2 class=\"wp-block-heading\">Educador cl\u00ednico<\/h2>\n\n\n\n<p>Carolyn Tanner, licenciada en enfermer\u00eda, ha trabajado como enfermera en la unidad de cuidados intensivos neonatales (UCIN) durante 26 a\u00f1os y cuenta con certificaciones en enfermer\u00eda de cuidados intensivos neonatales y transporte neonatal\/pedi\u00e1trico. A lo largo de su carrera, ha tenido la oportunidad de conocer la variedad de pr\u00e1cticas y equipos utilizados en diferentes centros de atenci\u00f3n m\u00e9dica. Apasionada por la educaci\u00f3n, la pr\u00e1ctica basada en la evidencia y la mejora de los resultados en la atenci\u00f3n al paciente, disfruta compartiendo sus conocimientos con otras unidades de cuidados intensivos neonatales para beneficiar a los beb\u00e9s m\u00e1s vulnerables.  <\/p>\n\n\r\n        <\/div>\r\n\t\n\n        <div id=\"col-block_0a369fea23b24a480cc590b1ba26ee5c\" data-aos=\"\" class=\"column  col-xs-12 col-md-4 order-xs-1 order-sm-1 order-md-2 order-lg-2 \"        >\r\n\t\t\t\t\t\t\t\t\t\t\t\t\t            \n\t\t    <div  data-aos=\"\" class=\"img-wrapper  img-contain\">\r\n            <img decoding=\"async\" width=\"500\" src=\"https:\/\/warriornp.com\/wp-content\/uploads\/2026\/02\/Carol-Tanner-bio-pic.png\">\r\n    <\/div>\r\n\t\r\n\n\r\n        <\/div>\r\n\t\n\r\n        <\/div>\r\n\t\n\r\n\t\t\t<\/div>\r\n\t\t<\/section>\r\n\r\n\r\n\t\n\n\t\t<section id=\"section-block_8beb61d1c24778e98588db60e4ceb9b3\" class=\"section rounded-corner-tl\" style=\"background-image: url('https:\/\/warriornp.com\/wp-content\/uploads\/2022\/07\/warrior-swosh.svg');background-position: centro derecha;background-size: contenido;background-repeat: no-repeat;\">\r\n\t\t\t\t\t\t<div class=\"container \">\r\n\r\n                <style type=\"text\/css\">#section-block_8beb61d1c24778e98588db60e4ceb9b3 {background-color: var(--wp--preset--color--primary);color: var(--wp--preset--color--default);<\/style>\t\t\t\t\n\r\n\r\n\t\t<div id=\"row-block_566b0f2f1748ee6b1624f27688a47458\" class=\"row\">\r\n\r\n\t\t\t\t\t\t\t\t\t\t\t\t\t            \n        <div id=\"col-block_b859f415648f1fa50d2e36be8f6c5397\" data-aos=\"\" class=\"column  col-xs-12 col-md-7 order-xs- order-sm- order-md- order-lg- \"        >\r\n\t\t\t\t\t\t\t\t\t\t\t\t\t            \n\n<div class=\"wp-block-group has-xl-font-size\"><div class=\"wp-block-group__inner-container is-layout-flow wp-block-group-is-layout-flow\">\n<h2 class=\"wp-block-heading\"><strong>Redefiniendo las herramientas que salvan vidas y protegen a los m\u00e1s vulnerables.<\/strong><\/h2>\n<\/div><\/div>\n\n\n\n<p>Con m\u00e1s de 20 a\u00f1os de experiencia de primera mano, WarriorNP tiene la visi\u00f3n de equipar y capacitar a todas las UCIN y las UCIP del mundo con dispositivos y productos m\u00e9dicos innovadores que priorizan al paciente.<\/p>\n\n\n    <a\n            href=\"https:\/\/warriornp.com\/es\/contacto\/\"\n            target=\"\"\n            id=\"btn-block_7a240204e522a14e8e586831254bf7c0\"\n            class=\"btn btn button_style btn-tertiary btn-lg\">\n        <span>Contacto<\/span>\n    <\/a>\n\n\r\n        <\/div>\r\n\t\n\r\n        <\/div>\r\n\t\n\r\n\t\t\t<\/div>\r\n\t\t<\/section>\r\n\r\n\r\n\t","protected":false},"excerpt":{"rendered":"","protected":false},"author":1,"featured_media":0,"parent":0,"menu_order":0,"comment_status":"closed","ping_status":"closed","template":"","meta":{"_acf_changed":true,"footnotes":""},"class_list":["post-951","page","type-page","status-publish","hentry"],"acf":[],"yoast_head":"<!-- This site is optimized with the Yoast SEO plugin v27.3 - https:\/\/yoast.com\/product\/yoast-seo-wordpress\/ -->\n<title>Qui\u00e9nes somos - WarriorNP<\/title>\n<meta name=\"description\" content=\"WarriorNP comenz\u00f3 con el coraz\u00f3n de una enfermera profesional que reconoci\u00f3 un problema b\u00e1sico dentro de la industria neonatal y pedi\u00e1trica: la innovaci\u00f3n de los dispositivos y productos m\u00e9dicos se ha estancado, dejando a los profesionales de la medicina con m\u00e9todos de atenci\u00f3n inadecuados e inseguros.\" \/>\n<meta name=\"robots\" content=\"index, follow, max-snippet:-1, max-image-preview:large, max-video-preview:-1\" \/>\n<link rel=\"canonical\" href=\"https:\/\/warriornp.com\/es\/quienes-somos\/\" \/>\n<meta property=\"og:locale\" content=\"es_ES\" \/>\n<meta property=\"og:type\" content=\"article\" \/>\n<meta property=\"og:title\" content=\"Qui\u00e9nes somos - WarriorNP\" \/>\n<meta property=\"og:description\" content=\"WarriorNP comenz\u00f3 con el coraz\u00f3n de una enfermera profesional que reconoci\u00f3 un problema b\u00e1sico dentro de la industria neonatal y pedi\u00e1trica: la innovaci\u00f3n de los dispositivos y productos m\u00e9dicos se ha estancado, dejando a los profesionales de la medicina con m\u00e9todos de atenci\u00f3n inadecuados e inseguros.\" \/>\n<meta property=\"og:url\" content=\"https:\/\/warriornp.com\/es\/quienes-somos\/\" \/>\n<meta property=\"og:site_name\" content=\"WarriorNP\" \/>\n<meta property=\"article:modified_time\" content=\"2026-02-02T17:36:25+00:00\" \/>\n<meta property=\"og:image\" content=\"https:\/\/warriornp.com\/wp-content\/uploads\/2022\/08\/WNP_Email_Header_V3.jpg\" \/>\n\t<meta property=\"og:image:width\" content=\"600\" \/>\n\t<meta property=\"og:image:height\" content=\"283\" \/>\n\t<meta property=\"og:image:type\" content=\"image\/jpeg\" \/>\n<meta name=\"twitter:card\" content=\"summary_large_image\" \/>\n<meta name=\"twitter:label1\" content=\"Tiempo de lectura\" \/>\n\t<meta name=\"twitter:data1\" content=\"3 minutos\" \/>\n<script type=\"application\/ld+json\" class=\"yoast-schema-graph\">{\"@context\":\"https:\\\/\\\/schema.org\",\"@graph\":[{\"@type\":\"WebPage\",\"@id\":\"https:\\\/\\\/warriornp.com\\\/es\\\/quienes-somos\\\/\",\"url\":\"https:\\\/\\\/warriornp.com\\\/es\\\/quienes-somos\\\/\",\"name\":\"Qui\u00e9nes somos - WarriorNP\",\"isPartOf\":{\"@id\":\"https:\\\/\\\/warriornp.com\\\/es\\\/#website\"},\"primaryImageOfPage\":{\"@id\":\"https:\\\/\\\/warriornp.com\\\/es\\\/quienes-somos\\\/#primaryimage\"},\"image\":{\"@id\":\"https:\\\/\\\/warriornp.com\\\/es\\\/quienes-somos\\\/#primaryimage\"},\"thumbnailUrl\":\"https:\\\/\\\/warriornp.wpengine.com\\\/wp-content\\\/uploads\\\/2022\\\/08\\\/WPN_Icons_Nurse-Heart.svg\",\"datePublished\":\"2022-08-08T17:28:30+00:00\",\"dateModified\":\"2026-02-02T17:36:25+00:00\",\"description\":\"WarriorNP comenz\u00f3 con el coraz\u00f3n de una enfermera profesional que reconoci\u00f3 un problema b\u00e1sico dentro de la industria neonatal y pedi\u00e1trica: la innovaci\u00f3n de los dispositivos y productos m\u00e9dicos se ha estancado, dejando a los profesionales de la medicina con m\u00e9todos de atenci\u00f3n inadecuados e inseguros.\",\"breadcrumb\":{\"@id\":\"https:\\\/\\\/warriornp.com\\\/es\\\/quienes-somos\\\/#breadcrumb\"},\"inLanguage\":\"es\",\"potentialAction\":[{\"@type\":\"ReadAction\",\"target\":[\"https:\\\/\\\/warriornp.com\\\/es\\\/quienes-somos\\\/\"]}]},{\"@type\":\"ImageObject\",\"inLanguage\":\"es\",\"@id\":\"https:\\\/\\\/warriornp.com\\\/es\\\/quienes-somos\\\/#primaryimage\",\"url\":\"https:\\\/\\\/warriornp.wpengine.com\\\/wp-content\\\/uploads\\\/2022\\\/08\\\/WPN_Icons_Nurse-Heart.svg\",\"contentUrl\":\"https:\\\/\\\/warriornp.wpengine.com\\\/wp-content\\\/uploads\\\/2022\\\/08\\\/WPN_Icons_Nurse-Heart.svg\"},{\"@type\":\"BreadcrumbList\",\"@id\":\"https:\\\/\\\/warriornp.com\\\/es\\\/quienes-somos\\\/#breadcrumb\",\"itemListElement\":[{\"@type\":\"ListItem\",\"position\":1,\"name\":\"Home\",\"item\":\"https:\\\/\\\/warriornp.com\\\/es\\\/\"},{\"@type\":\"ListItem\",\"position\":2,\"name\":\"Qui\u00e9nes somos\"}]},{\"@type\":\"WebSite\",\"@id\":\"https:\\\/\\\/warriornp.com\\\/es\\\/#website\",\"url\":\"https:\\\/\\\/warriornp.com\\\/es\\\/\",\"name\":\"WarriorNP\",\"description\":\"\",\"publisher\":{\"@id\":\"https:\\\/\\\/warriornp.com\\\/es\\\/#organization\"},\"potentialAction\":[{\"@type\":\"SearchAction\",\"target\":{\"@type\":\"EntryPoint\",\"urlTemplate\":\"https:\\\/\\\/warriornp.com\\\/es\\\/?s={search_term_string}\"},\"query-input\":{\"@type\":\"PropertyValueSpecification\",\"valueRequired\":true,\"valueName\":\"search_term_string\"}}],\"inLanguage\":\"es\"},{\"@type\":\"Organization\",\"@id\":\"https:\\\/\\\/warriornp.com\\\/es\\\/#organization\",\"name\":\"WarriorNP\",\"url\":\"https:\\\/\\\/warriornp.com\\\/es\\\/\",\"logo\":{\"@type\":\"ImageObject\",\"inLanguage\":\"es\",\"@id\":\"https:\\\/\\\/warriornp.com\\\/es\\\/#\\\/schema\\\/logo\\\/image\\\/\",\"url\":\"https:\\\/\\\/warriornp.com\\\/wp-content\\\/uploads\\\/2022\\\/08\\\/Warrior_NP_Logo.svg\",\"contentUrl\":\"https:\\\/\\\/warriornp.com\\\/wp-content\\\/uploads\\\/2022\\\/08\\\/Warrior_NP_Logo.svg\",\"width\":695,\"height\":166,\"caption\":\"WarriorNP\"},\"image\":{\"@id\":\"https:\\\/\\\/warriornp.com\\\/es\\\/#\\\/schema\\\/logo\\\/image\\\/\"}}]}<\/script>\n<!-- \/ Yoast SEO plugin. -->","yoast_head_json":{"title":"Qui\u00e9nes somos - WarriorNP","description":"WarriorNP comenz\u00f3 con el coraz\u00f3n de una enfermera profesional que reconoci\u00f3 un problema b\u00e1sico dentro de la industria neonatal y pedi\u00e1trica: la innovaci\u00f3n de los dispositivos y productos m\u00e9dicos se ha estancado, dejando a los profesionales de la medicina con m\u00e9todos de atenci\u00f3n inadecuados e inseguros.","robots":{"index":"index","follow":"follow","max-snippet":"max-snippet:-1","max-image-preview":"max-image-preview:large","max-video-preview":"max-video-preview:-1"},"canonical":"https:\/\/warriornp.com\/es\/quienes-somos\/","og_locale":"es_ES","og_type":"article","og_title":"Qui\u00e9nes somos - WarriorNP","og_description":"WarriorNP comenz\u00f3 con el coraz\u00f3n de una enfermera profesional que reconoci\u00f3 un problema b\u00e1sico dentro de la industria neonatal y pedi\u00e1trica: la innovaci\u00f3n de los dispositivos y productos m\u00e9dicos se ha estancado, dejando a los profesionales de la medicina con m\u00e9todos de atenci\u00f3n inadecuados e inseguros.","og_url":"https:\/\/warriornp.com\/es\/quienes-somos\/","og_site_name":"WarriorNP","article_modified_time":"2026-02-02T17:36:25+00:00","og_image":[{"width":600,"height":283,"url":"https:\/\/warriornp.com\/wp-content\/uploads\/2022\/08\/WNP_Email_Header_V3.jpg","type":"image\/jpeg"}],"twitter_card":"summary_large_image","twitter_misc":{"Tiempo de lectura":"3 minutos"},"schema":{"@context":"https:\/\/schema.org","@graph":[{"@type":"WebPage","@id":"https:\/\/warriornp.com\/es\/quienes-somos\/","url":"https:\/\/warriornp.com\/es\/quienes-somos\/","name":"Qui\u00e9nes somos - WarriorNP","isPartOf":{"@id":"https:\/\/warriornp.com\/es\/#website"},"primaryImageOfPage":{"@id":"https:\/\/warriornp.com\/es\/quienes-somos\/#primaryimage"},"image":{"@id":"https:\/\/warriornp.com\/es\/quienes-somos\/#primaryimage"},"thumbnailUrl":"https:\/\/warriornp.wpengine.com\/wp-content\/uploads\/2022\/08\/WPN_Icons_Nurse-Heart.svg","datePublished":"2022-08-08T17:28:30+00:00","dateModified":"2026-02-02T17:36:25+00:00","description":"WarriorNP comenz\u00f3 con el coraz\u00f3n de una enfermera profesional que reconoci\u00f3 un problema b\u00e1sico dentro de la industria neonatal y pedi\u00e1trica: la innovaci\u00f3n de los dispositivos y productos m\u00e9dicos se ha estancado, dejando a los profesionales de la medicina con m\u00e9todos de atenci\u00f3n inadecuados e inseguros.","breadcrumb":{"@id":"https:\/\/warriornp.com\/es\/quienes-somos\/#breadcrumb"},"inLanguage":"es","potentialAction":[{"@type":"ReadAction","target":["https:\/\/warriornp.com\/es\/quienes-somos\/"]}]},{"@type":"ImageObject","inLanguage":"es","@id":"https:\/\/warriornp.com\/es\/quienes-somos\/#primaryimage","url":"https:\/\/warriornp.wpengine.com\/wp-content\/uploads\/2022\/08\/WPN_Icons_Nurse-Heart.svg","contentUrl":"https:\/\/warriornp.wpengine.com\/wp-content\/uploads\/2022\/08\/WPN_Icons_Nurse-Heart.svg"},{"@type":"BreadcrumbList","@id":"https:\/\/warriornp.com\/es\/quienes-somos\/#breadcrumb","itemListElement":[{"@type":"ListItem","position":1,"name":"Home","item":"https:\/\/warriornp.com\/es\/"},{"@type":"ListItem","position":2,"name":"Qui\u00e9nes somos"}]},{"@type":"WebSite","@id":"https:\/\/warriornp.com\/es\/#website","url":"https:\/\/warriornp.com\/es\/","name":"WarriorNP","description":"","publisher":{"@id":"https:\/\/warriornp.com\/es\/#organization"},"potentialAction":[{"@type":"SearchAction","target":{"@type":"EntryPoint","urlTemplate":"https:\/\/warriornp.com\/es\/?s={search_term_string}"},"query-input":{"@type":"PropertyValueSpecification","valueRequired":true,"valueName":"search_term_string"}}],"inLanguage":"es"},{"@type":"Organization","@id":"https:\/\/warriornp.com\/es\/#organization","name":"WarriorNP","url":"https:\/\/warriornp.com\/es\/","logo":{"@type":"ImageObject","inLanguage":"es","@id":"https:\/\/warriornp.com\/es\/#\/schema\/logo\/image\/","url":"https:\/\/warriornp.com\/wp-content\/uploads\/2022\/08\/Warrior_NP_Logo.svg","contentUrl":"https:\/\/warriornp.com\/wp-content\/uploads\/2022\/08\/Warrior_NP_Logo.svg","width":695,"height":166,"caption":"WarriorNP"},"image":{"@id":"https:\/\/warriornp.com\/es\/#\/schema\/logo\/image\/"}}]}},"_links":{"self":[{"href":"https:\/\/warriornp.com\/es\/wp-json\/wp\/v2\/pages\/951","targetHints":{"allow":["GET"]}}],"collection":[{"href":"https:\/\/warriornp.com\/es\/wp-json\/wp\/v2\/pages"}],"about":[{"href":"https:\/\/warriornp.com\/es\/wp-json\/wp\/v2\/types\/page"}],"author":[{"embeddable":true,"href":"https:\/\/warriornp.com\/es\/wp-json\/wp\/v2\/users\/1"}],"replies":[{"embeddable":true,"href":"https:\/\/warriornp.com\/es\/wp-json\/wp\/v2\/comments?post=951"}],"version-history":[{"count":0,"href":"https:\/\/warriornp.com\/es\/wp-json\/wp\/v2\/pages\/951\/revisions"}],"wp:attachment":[{"href":"https:\/\/warriornp.com\/es\/wp-json\/wp\/v2\/media?parent=951"}],"curies":[{"name":"wp","href":"https:\/\/api.w.org\/{rel}","templated":true}]}}